{"id":249,"date":"2024-03-11T18:15:32","date_gmt":"2024-03-11T18:15:32","guid":{"rendered":"https:\/\/www.clubenavaldofunchal.com\/madeirasupchallenge\/?page_id=249"},"modified":"2024-04-08T09:00:22","modified_gmt":"2024-04-08T09:00:22","slug":"informacoes","status":"publish","type":"page","link":"https:\/\/www.clubenavaldofunchal.com\/madeirasupchallenge\/informacoes\/","title":{"rendered":"Informa\u00e7\u00f5es"},"content":{"rendered":"\t\t<div data-elementor-type=\"wp-page\" data-elementor-id=\"249\" class=\"elementor elementor-249\">\n\t\t\t\t\t\t<section class=\"elementor-section elementor-top-section elementor-element elementor-element-4109a395 elementor-reverse-mobile elementor-section-boxed elementor-section-height-default elementor-section-height-default\" data-id=\"4109a395\" data-element_type=\"section\" data-e-type=\"section\" data-settings=\"{&quot;ekit_has_onepagescroll_dot&quot;:&quot;yes&quot;}\">\n\t\t\t\t\t\t<div class=\"elementor-container elementor-column-gap-default\">\n\t\t\t\t\t<div class=\"elementor-column elementor-col-100 elementor-top-column elementor-element elementor-element-64aca515\" data-id=\"64aca515\" data-element_type=\"column\" data-e-type=\"column\">\n\t\t\t<div class=\"elementor-widget-wrap elementor-element-populated\">\n\t\t\t\t\t\t<div class=\"elementor-element elementor-element-4308aa6f de_scroll_animation_no elementor-invisible elementor-widget elementor-widget-text-editor\" data-id=\"4308aa6f\" data-element_type=\"widget\" data-e-type=\"widget\" data-settings=\"{&quot;_animation&quot;:&quot;fadeIn&quot;,&quot;_animation_delay&quot;:400,&quot;ekit_we_effect_on&quot;:&quot;none&quot;}\" data-widget_type=\"text-editor.default\">\n\t\t\t\t<div class=\"elementor-widget-container\">\n\t\t\t\t\t\t\t\t\t<h2 style=\"text-align: center;\"><strong>Brevemente informa\u00e7\u00f5es<\/strong><\/h2>\t\t\t\t\t\t\t\t<\/div>\n\t\t\t\t<\/div>\n\t\t\t\t\t<\/div>\n\t\t<\/div>\n\t\t\t\t\t<\/div>\n\t\t<\/section>\n\t\t\t\t<\/div>\n\t\t","protected":false},"excerpt":{"rendered":"<p>Brevemente informa\u00e7\u00f5es<\/p>\n","protected":false},"author":1,"featured_media":0,"parent":0,"menu_order":0,"comment_status":"closed","ping_status":"closed","template":"","meta":{"footnotes":""},"class_list":["post-249","page","type-page","status-publish","hentry"],"yoast_head":"<!-- This site is optimized with the Yoast SEO plugin v26.9 - https:\/\/yoast.com\/product\/yoast-seo-wordpress\/ -->\n<title>Informa\u00e7\u00f5es - Madeira Island SUP Challenge<\/title>\n<meta name=\"robots\" content=\"index, follow, max-snippet:-1, max-image-preview:large, max-video-preview:-1\" \/>\n<link rel=\"canonical\" href=\"https:\/\/www.clubenavaldofunchal.com\/madeirasupchallenge\/informacoes\/\" \/>\n<meta property=\"og:locale\" content=\"pt_PT\" \/>\n<meta property=\"og:type\" content=\"article\" \/>\n<meta property=\"og:title\" content=\"Informa\u00e7\u00f5es - Madeira Island SUP Challenge\" \/>\n<meta property=\"og:description\" content=\"Brevemente informa\u00e7\u00f5es\" \/>\n<meta property=\"og:url\" content=\"https:\/\/www.clubenavaldofunchal.com\/madeirasupchallenge\/informacoes\/\" \/>\n<meta property=\"og:site_name\" content=\"Madeira Island SUP Challenge\" \/>\n<meta property=\"article:publisher\" content=\"https:\/\/www.facebook.com\/profile.php?id=61557370452476\" \/>\n<meta property=\"article:modified_time\" content=\"2024-04-08T09:00:22+00:00\" \/>\n<meta name=\"twitter:card\" content=\"summary_large_image\" \/>\n<script type=\"application\/ld+json\" class=\"yoast-schema-graph\">{\"@context\":\"https:\/\/schema.org\",\"@graph\":[{\"@type\":\"WebPage\",\"@id\":\"https:\/\/www.clubenavaldofunchal.com\/madeirasupchallenge\/informacoes\/\",\"url\":\"https:\/\/www.clubenavaldofunchal.com\/madeirasupchallenge\/informacoes\/\",\"name\":\"Informa\u00e7\u00f5es - Madeira Island SUP Challenge\",\"isPartOf\":{\"@id\":\"https:\/\/www.clubenavaldofunchal.com\/madeirasupchallenge\/#website\"},\"datePublished\":\"2024-03-11T18:15:32+00:00\",\"dateModified\":\"2024-04-08T09:00:22+00:00\",\"breadcrumb\":{\"@id\":\"https:\/\/www.clubenavaldofunchal.com\/madeirasupchallenge\/informacoes\/#breadcrumb\"},\"inLanguage\":\"pt-PT\",\"potentialAction\":[{\"@type\":\"ReadAction\",\"target\":[\"https:\/\/www.clubenavaldofunchal.com\/madeirasupchallenge\/informacoes\/\"]}]},{\"@type\":\"BreadcrumbList\",\"@id\":\"https:\/\/www.clubenavaldofunchal.com\/madeirasupchallenge\/informacoes\/#breadcrumb\",\"itemListElement\":[{\"@type\":\"ListItem\",\"position\":1,\"name\":\"In\u00edcio\",\"item\":\"https:\/\/www.clubenavaldofunchal.com\/madeirasupchallenge\/\"},{\"@type\":\"ListItem\",\"position\":2,\"name\":\"Informa\u00e7\u00f5es\"}]},{\"@type\":\"WebSite\",\"@id\":\"https:\/\/www.clubenavaldofunchal.com\/madeirasupchallenge\/#website\",\"url\":\"https:\/\/www.clubenavaldofunchal.com\/madeirasupchallenge\/\",\"name\":\"Madeira Island SUP Challenge\",\"description\":\"\",\"publisher\":{\"@id\":\"https:\/\/www.clubenavaldofunchal.com\/madeirasupchallenge\/#organization\"},\"potentialAction\":[{\"@type\":\"SearchAction\",\"target\":{\"@type\":\"EntryPoint\",\"urlTemplate\":\"https:\/\/www.clubenavaldofunchal.com\/madeirasupchallenge\/?s={search_term_string}\"},\"query-input\":{\"@type\":\"PropertyValueSpecification\",\"valueRequired\":true,\"valueName\":\"search_term_string\"}}],\"inLanguage\":\"pt-PT\"},{\"@type\":\"Organization\",\"@id\":\"https:\/\/www.clubenavaldofunchal.com\/madeirasupchallenge\/#organization\",\"name\":\"Madeira Island SUP Challenge\",\"url\":\"https:\/\/www.clubenavaldofunchal.com\/madeirasupchallenge\/\",\"logo\":{\"@type\":\"ImageObject\",\"inLanguage\":\"pt-PT\",\"@id\":\"https:\/\/www.clubenavaldofunchal.com\/madeirasupchallenge\/#\/schema\/logo\/image\/\",\"url\":\"https:\/\/www.clubenavaldofunchal.com\/madeirasupchallenge\/wp-content\/uploads\/2024\/09\/madeirasupchallenge.jpg\",\"contentUrl\":\"https:\/\/www.clubenavaldofunchal.com\/madeirasupchallenge\/wp-content\/uploads\/2024\/09\/madeirasupchallenge.jpg\",\"width\":1348,\"height\":1348,\"caption\":\"Madeira Island SUP Challenge\"},\"image\":{\"@id\":\"https:\/\/www.clubenavaldofunchal.com\/madeirasupchallenge\/#\/schema\/logo\/image\/\"},\"sameAs\":[\"https:\/\/www.facebook.com\/profile.php?id=61557370452476\"]}]}<\/script>\n<!-- \/ Yoast SEO plugin. -->","yoast_head_json":{"title":"Informa\u00e7\u00f5es - Madeira Island SUP Challenge","robots":{"index":"index","follow":"follow","max-snippet":"max-snippet:-1","max-image-preview":"max-image-preview:large","max-video-preview":"max-video-preview:-1"},"canonical":"https:\/\/www.clubenavaldofunchal.com\/madeirasupchallenge\/informacoes\/","og_locale":"pt_PT","og_type":"article","og_title":"Informa\u00e7\u00f5es - Madeira Island SUP Challenge","og_description":"Brevemente informa\u00e7\u00f5es","og_url":"https:\/\/www.clubenavaldofunchal.com\/madeirasupchallenge\/informacoes\/","og_site_name":"Madeira Island SUP Challenge","article_publisher":"https:\/\/www.facebook.com\/profile.php?id=61557370452476","article_modified_time":"2024-04-08T09:00:22+00:00","twitter_card":"summary_large_image","schema":{"@context":"https:\/\/schema.org","@graph":[{"@type":"WebPage","@id":"https:\/\/www.clubenavaldofunchal.com\/madeirasupchallenge\/informacoes\/","url":"https:\/\/www.clubenavaldofunchal.com\/madeirasupchallenge\/informacoes\/","name":"Informa\u00e7\u00f5es - Madeira Island SUP Challenge","isPartOf":{"@id":"https:\/\/www.clubenavaldofunchal.com\/madeirasupchallenge\/#website"},"datePublished":"2024-03-11T18:15:32+00:00","dateModified":"2024-04-08T09:00:22+00:00","breadcrumb":{"@id":"https:\/\/www.clubenavaldofunchal.com\/madeirasupchallenge\/informacoes\/#breadcrumb"},"inLanguage":"pt-PT","potentialAction":[{"@type":"ReadAction","target":["https:\/\/www.clubenavaldofunchal.com\/madeirasupchallenge\/informacoes\/"]}]},{"@type":"BreadcrumbList","@id":"https:\/\/www.clubenavaldofunchal.com\/madeirasupchallenge\/informacoes\/#breadcrumb","itemListElement":[{"@type":"ListItem","position":1,"name":"In\u00edcio","item":"https:\/\/www.clubenavaldofunchal.com\/madeirasupchallenge\/"},{"@type":"ListItem","position":2,"name":"Informa\u00e7\u00f5es"}]},{"@type":"WebSite","@id":"https:\/\/www.clubenavaldofunchal.com\/madeirasupchallenge\/#website","url":"https:\/\/www.clubenavaldofunchal.com\/madeirasupchallenge\/","name":"Madeira Island SUP Challenge","description":"","publisher":{"@id":"https:\/\/www.clubenavaldofunchal.com\/madeirasupchallenge\/#organization"},"potentialAction":[{"@type":"SearchAction","target":{"@type":"EntryPoint","urlTemplate":"https:\/\/www.clubenavaldofunchal.com\/madeirasupchallenge\/?s={search_term_string}"},"query-input":{"@type":"PropertyValueSpecification","valueRequired":true,"valueName":"search_term_string"}}],"inLanguage":"pt-PT"},{"@type":"Organization","@id":"https:\/\/www.clubenavaldofunchal.com\/madeirasupchallenge\/#organization","name":"Madeira Island SUP Challenge","url":"https:\/\/www.clubenavaldofunchal.com\/madeirasupchallenge\/","logo":{"@type":"ImageObject","inLanguage":"pt-PT","@id":"https:\/\/www.clubenavaldofunchal.com\/madeirasupchallenge\/#\/schema\/logo\/image\/","url":"https:\/\/www.clubenavaldofunchal.com\/madeirasupchallenge\/wp-content\/uploads\/2024\/09\/madeirasupchallenge.jpg","contentUrl":"https:\/\/www.clubenavaldofunchal.com\/madeirasupchallenge\/wp-content\/uploads\/2024\/09\/madeirasupchallenge.jpg","width":1348,"height":1348,"caption":"Madeira Island SUP Challenge"},"image":{"@id":"https:\/\/www.clubenavaldofunchal.com\/madeirasupchallenge\/#\/schema\/logo\/image\/"},"sameAs":["https:\/\/www.facebook.com\/profile.php?id=61557370452476"]}]}},"_links":{"self":[{"href":"https:\/\/www.clubenavaldofunchal.com\/madeirasupchallenge\/wp-json\/wp\/v2\/pages\/249","targetHints":{"allow":["GET"]}}],"collection":[{"href":"https:\/\/www.clubenavaldofunchal.com\/madeirasupchallenge\/wp-json\/wp\/v2\/pages"}],"about":[{"href":"https:\/\/www.clubenavaldofunchal.com\/madeirasupchallenge\/wp-json\/wp\/v2\/types\/page"}],"author":[{"embeddable":true,"href":"https:\/\/www.clubenavaldofunchal.com\/madeirasupchallenge\/wp-json\/wp\/v2\/users\/1"}],"replies":[{"embeddable":true,"href":"https:\/\/www.clubenavaldofunchal.com\/madeirasupchallenge\/wp-json\/wp\/v2\/comments?post=249"}],"version-history":[{"count":7,"href":"https:\/\/www.clubenavaldofunchal.com\/madeirasupchallenge\/wp-json\/wp\/v2\/pages\/249\/revisions"}],"predecessor-version":[{"id":1689,"href":"https:\/\/www.clubenavaldofunchal.com\/madeirasupchallenge\/wp-json\/wp\/v2\/pages\/249\/revisions\/1689"}],"wp:attachment":[{"href":"https:\/\/www.clubenavaldofunchal.com\/madeirasupchallenge\/wp-json\/wp\/v2\/media?parent=249"}],"curies":[{"name":"wp","href":"https:\/\/api.w.org\/{rel}","templated":true}]}}