{"id":240,"date":"2024-03-11T18:13:21","date_gmt":"2024-03-11T18:13:21","guid":{"rendered":"https:\/\/www.clubenavaldofunchal.com\/madeirasupchallenge\/?page_id=240"},"modified":"2024-07-30T10:29:56","modified_gmt":"2024-07-30T10:29:56","slug":"aluguer-de-equipamento","status":"publish","type":"page","link":"https:\/\/www.clubenavaldofunchal.com\/madeirasupchallenge\/aluguer-de-equipamento\/","title":{"rendered":"Aluguer de Equipamento"},"content":{"rendered":"\t\t<div data-elementor-type=\"wp-page\" data-elementor-id=\"240\" class=\"elementor elementor-240\">\n\t\t\t\t<div class=\"elementor-element elementor-element-82cd4f8 e-flex e-con-boxed e-con e-parent\" data-id=\"82cd4f8\" data-element_type=\"container\" data-e-type=\"container\" data-settings=\"{&quot;ekit_has_onepagescroll_dot&quot;:&quot;yes&quot;}\">\n\t\t\t\t\t<div class=\"e-con-inner\">\n\t\t\t\t<div class=\"elementor-element elementor-element-281b22a de_scroll_animation_no elementor-widget elementor-widget-spacer\" data-id=\"281b22a\" data-element_type=\"widget\" data-e-type=\"widget\" data-settings=\"{&quot;ekit_we_effect_on&quot;:&quot;none&quot;}\" data-widget_type=\"spacer.default\">\n\t\t\t\t<div class=\"elementor-widget-container\">\n\t\t\t\t\t\t\t<div class=\"elementor-spacer\">\n\t\t\t<div class=\"elementor-spacer-inner\"><\/div>\n\t\t<\/div>\n\t\t\t\t\t\t<\/div>\n\t\t\t\t<\/div>\n\t\t\t\t<div class=\"elementor-element elementor-element-3dd13fc de_scroll_animation_no elementor-widget elementor-widget-text-editor\" data-id=\"3dd13fc\" data-element_type=\"widget\" data-e-type=\"widget\" data-settings=\"{&quot;ekit_we_effect_on&quot;:&quot;none&quot;}\" data-widget_type=\"text-editor.default\">\n\t\t\t\t<div class=\"elementor-widget-container\">\n\t\t\t\t\t\t\t\t\t<h4>Inscri\u00e7\u00e3o + Aluguer de Prancha<\/h4>\n<p style=\"text-align: justify;\">1 Dia \u2013 45\u20ac<\/p>\n<p style=\"text-align: justify;\">2 Dias \u2013 60\u20ac<\/p>\n<p style=\"text-align: justify;\">3 a 4 Dias \u2013 65\u20ac<\/p>\n<p style=\"text-align: justify;\">5 Dias \u2013 75\u20ac<\/p>\n<p style=\"text-align: justify;\">Nota: A organiza\u00e7\u00e3o do MISC apoia o transporte do material desportivo com o valor de 75 \u20ac para um m\u00e1ximo de 60 pessoas. Este apoio destina-se apenas a atletas de fora da Regi\u00e3o Aut\u00f3noma da Madeira.<\/p>\n<p style=\"text-align: justify;\">Para aceder a este apoio, deve preencher o teu IBAN na ficha de inscri\u00e7\u00e3o e apresentar o recibo do transporte do material no secretariado da prova.<\/p>\n<p style=\"text-align: justify;\">Em alternativa, os atletas que pretendam viajar sem prancha poder\u00e3o alugar junto da organiza\u00e7\u00e3o uma das pranchas dispon\u00edveis (consultar condi\u00e7\u00f5es), n\u00e3o tendo direito ao referido apoio.<\/p>\n<p style=\"text-align: justify;\">Os atletas residentes na RAM n\u00e3o ter\u00e3o direito ao subs\u00eddio de transporte.<\/p>\t\t\t\t\t\t\t\t<\/div>\n\t\t\t\t<\/div>\n\t\t\t\t\t<\/div>\n\t\t\t\t<\/div>\n\t\t<div class=\"elementor-element elementor-element-4b60716 e-flex e-con-boxed e-con e-parent\" data-id=\"4b60716\" data-element_type=\"container\" data-e-type=\"container\" data-settings=\"{&quot;ekit_has_onepagescroll_dot&quot;:&quot;yes&quot;}\">\n\t\t\t\t\t<div class=\"e-con-inner\">\n\t\t\t\t<div class=\"elementor-element elementor-element-d61a879 de_scroll_animation_no elementor-widget elementor-widget-text-editor\" data-id=\"d61a879\" data-element_type=\"widget\" data-e-type=\"widget\" data-settings=\"{&quot;ekit_we_effect_on&quot;:&quot;none&quot;}\" data-widget_type=\"text-editor.default\">\n\t\t\t\t<div class=\"elementor-widget-container\">\n\t\t\t\t\t\t\t\t\t<h4 style=\"text-align: center;\"><strong><span style=\"font-size: 18pt;\">Consulte abaixo os modelos dispon\u00edveis, limitado ao stock existente. <br \/><\/span><\/strong><\/h4>\t\t\t\t\t\t\t\t<\/div>\n\t\t\t\t<\/div>\n\t\t\t\t\t<\/div>\n\t\t\t\t<\/div>\n\t\t\t\t<section class=\"elementor-section elementor-inner-section elementor-element elementor-element-38bfe1e5 elementor-section-boxed elementor-section-height-default elementor-section-height-default\" data-id=\"38bfe1e5\" data-element_type=\"section\" data-e-type=\"section\" data-settings=\"{&quot;ekit_has_onepagescroll_dot&quot;:&quot;yes&quot;}\">\n\t\t\t\t\t\t<div class=\"elementor-container elementor-column-gap-default\">\n\t\t\t\t\t<div class=\"elementor-column elementor-col-50 elementor-inner-column elementor-element elementor-element-14fc8fa8 elementor-invisible\" data-id=\"14fc8fa8\" data-element_type=\"column\" data-e-type=\"column\" data-settings=\"{&quot;animation&quot;:&quot;fadeIn&quot;,&quot;animation_delay&quot;:400}\">\n\t\t\t<div class=\"elementor-widget-wrap elementor-element-populated\">\n\t\t\t\t\t\t<div class=\"elementor-element elementor-element-271c1ae3 de_scroll_animation_no elementor-widget elementor-widget-image\" data-id=\"271c1ae3\" data-element_type=\"widget\" data-e-type=\"widget\" data-settings=\"{&quot;ekit_we_effect_on&quot;:&quot;none&quot;}\" data-widget_type=\"image.default\">\n\t\t\t\t<div class=\"elementor-widget-container\">\n\t\t\t\t\t\t\t\t\t\t\t\t\t\t\t<img fetchpriority=\"high\" decoding=\"async\" width=\"800\" height=\"361\" src=\"https:\/\/www.clubenavaldofunchal.com\/madeirasupchallenge\/wp-content\/uploads\/2024\/05\/NaishJavelin.jpg\" class=\"attachment-large size-large wp-image-2795 no-lazyload\" alt=\"\" srcset=\"https:\/\/www.clubenavaldofunchal.com\/madeirasupchallenge\/wp-content\/uploads\/2024\/05\/NaishJavelin.jpg 865w, https:\/\/www.clubenavaldofunchal.com\/madeirasupchallenge\/wp-content\/uploads\/2024\/05\/NaishJavelin-300x135.jpg 300w, https:\/\/www.clubenavaldofunchal.com\/madeirasupchallenge\/wp-content\/uploads\/2024\/05\/NaishJavelin-768x346.jpg 768w\" sizes=\"(max-width: 800px) 100vw, 800px\" \/>\t\t\t\t\t\t\t\t\t\t\t\t\t\t\t<\/div>\n\t\t\t\t<\/div>\n\t\t\t\t<div class=\"elementor-element elementor-element-2ae4e45 de_scroll_animation_no elementor-widget elementor-widget-heading\" data-id=\"2ae4e45\" data-element_type=\"widget\" data-e-type=\"widget\" data-settings=\"{&quot;ekit_we_effect_on&quot;:&quot;none&quot;}\" data-widget_type=\"heading.default\">\n\t\t\t\t<div class=\"elementor-widget-container\">\n\t\t\t\t\t<h4 class=\"elementor-heading-title elementor-size-default\">NAISH JAVELIN 14X22 | 14X24<\/h4>\t\t\t\t<\/div>\n\t\t\t\t<\/div>\n\t\t\t\t<div class=\"elementor-element elementor-element-34e46638 elementor-widget-divider--view-line de_scroll_animation_no elementor-widget elementor-widget-divider\" data-id=\"34e46638\" data-element_type=\"widget\" data-e-type=\"widget\" data-settings=\"{&quot;ekit_we_effect_on&quot;:&quot;none&quot;}\" data-widget_type=\"divider.default\">\n\t\t\t\t<div class=\"elementor-widget-container\">\n\t\t\t\t\t\t\t<div class=\"elementor-divider\">\n\t\t\t<span class=\"elementor-divider-separator\">\n\t\t\t\t\t\t<\/span>\n\t\t<\/div>\n\t\t\t\t\t\t<\/div>\n\t\t\t\t<\/div>\n\t\t\t\t\t<\/div>\n\t\t<\/div>\n\t\t\t\t<div class=\"elementor-column elementor-col-50 elementor-inner-column elementor-element elementor-element-c7aa650 elementor-invisible\" data-id=\"c7aa650\" data-element_type=\"column\" data-e-type=\"column\" data-settings=\"{&quot;animation&quot;:&quot;fadeIn&quot;,&quot;animation_delay&quot;:400}\">\n\t\t\t<div class=\"elementor-widget-wrap elementor-element-populated\">\n\t\t\t\t\t\t<div class=\"elementor-element elementor-element-3c8db6b2 de_scroll_animation_no elementor-widget elementor-widget-image\" data-id=\"3c8db6b2\" data-element_type=\"widget\" data-e-type=\"widget\" data-settings=\"{&quot;ekit_we_effect_on&quot;:&quot;none&quot;}\" data-widget_type=\"image.default\">\n\t\t\t\t<div class=\"elementor-widget-container\">\n\t\t\t\t\t\t\t\t\t\t\t\t\t\t\t<img decoding=\"async\" width=\"800\" height=\"361\" src=\"https:\/\/www.clubenavaldofunchal.com\/madeirasupchallenge\/wp-content\/uploads\/2024\/05\/NaishMaliko.jpg\" class=\"attachment-large size-large wp-image-2796 no-lazyload\" alt=\"\" srcset=\"https:\/\/www.clubenavaldofunchal.com\/madeirasupchallenge\/wp-content\/uploads\/2024\/05\/NaishMaliko.jpg 865w, https:\/\/www.clubenavaldofunchal.com\/madeirasupchallenge\/wp-content\/uploads\/2024\/05\/NaishMaliko-300x135.jpg 300w, https:\/\/www.clubenavaldofunchal.com\/madeirasupchallenge\/wp-content\/uploads\/2024\/05\/NaishMaliko-768x346.jpg 768w\" sizes=\"(max-width: 800px) 100vw, 800px\" \/>\t\t\t\t\t\t\t\t\t\t\t\t\t\t\t<\/div>\n\t\t\t\t<\/div>\n\t\t\t\t<div class=\"elementor-element elementor-element-7956c1b0 de_scroll_animation_no elementor-widget elementor-widget-heading\" data-id=\"7956c1b0\" data-element_type=\"widget\" data-e-type=\"widget\" data-settings=\"{&quot;ekit_we_effect_on&quot;:&quot;none&quot;}\" data-widget_type=\"heading.default\">\n\t\t\t\t<div class=\"elementor-widget-container\">\n\t\t\t\t\t<h4 class=\"elementor-heading-title elementor-size-default\">NAISH MALIKO 14X23 | 14X24 | 14X26<\/h4>\t\t\t\t<\/div>\n\t\t\t\t<\/div>\n\t\t\t\t<div class=\"elementor-element elementor-element-5bdc76c5 elementor-widget-divider--view-line de_scroll_animation_no elementor-widget elementor-widget-divider\" data-id=\"5bdc76c5\" data-element_type=\"widget\" data-e-type=\"widget\" data-settings=\"{&quot;ekit_we_effect_on&quot;:&quot;none&quot;}\" data-widget_type=\"divider.default\">\n\t\t\t\t<div class=\"elementor-widget-container\">\n\t\t\t\t\t\t\t<div class=\"elementor-divider\">\n\t\t\t<span class=\"elementor-divider-separator\">\n\t\t\t\t\t\t<\/span>\n\t\t<\/div>\n\t\t\t\t\t\t<\/div>\n\t\t\t\t<\/div>\n\t\t\t\t\t<\/div>\n\t\t<\/div>\n\t\t\t\t\t<\/div>\n\t\t<\/section>\n\t\t\t\t<section class=\"elementor-section elementor-inner-section elementor-element elementor-element-9126807 elementor-section-boxed elementor-section-height-default elementor-section-height-default\" data-id=\"9126807\" data-element_type=\"section\" data-e-type=\"section\" data-settings=\"{&quot;ekit_has_onepagescroll_dot&quot;:&quot;yes&quot;}\">\n\t\t\t\t\t\t<div class=\"elementor-container elementor-column-gap-default\">\n\t\t\t\t\t<div class=\"elementor-column elementor-col-50 elementor-inner-column elementor-element elementor-element-ecbdc23 elementor-invisible\" data-id=\"ecbdc23\" data-element_type=\"column\" data-e-type=\"column\" data-settings=\"{&quot;animation&quot;:&quot;fadeIn&quot;,&quot;animation_delay&quot;:400}\">\n\t\t\t<div class=\"elementor-widget-wrap elementor-element-populated\">\n\t\t\t\t\t\t<div class=\"elementor-element elementor-element-1f3076c de_scroll_animation_no elementor-widget elementor-widget-image\" data-id=\"1f3076c\" data-element_type=\"widget\" data-e-type=\"widget\" data-settings=\"{&quot;ekit_we_effect_on&quot;:&quot;none&quot;}\" data-widget_type=\"image.default\">\n\t\t\t\t<div class=\"elementor-widget-container\">\n\t\t\t\t\t\t\t\t\t\t\t\t\t\t\t<img decoding=\"async\" width=\"800\" height=\"361\" src=\"https:\/\/www.clubenavaldofunchal.com\/madeirasupchallenge\/wp-content\/uploads\/2024\/05\/F-OneOcean.jpg\" class=\"attachment-large size-large wp-image-2794 no-lazyload\" alt=\"\" srcset=\"https:\/\/www.clubenavaldofunchal.com\/madeirasupchallenge\/wp-content\/uploads\/2024\/05\/F-OneOcean.jpg 865w, https:\/\/www.clubenavaldofunchal.com\/madeirasupchallenge\/wp-content\/uploads\/2024\/05\/F-OneOcean-300x135.jpg 300w, https:\/\/www.clubenavaldofunchal.com\/madeirasupchallenge\/wp-content\/uploads\/2024\/05\/F-OneOcean-768x346.jpg 768w\" sizes=\"(max-width: 800px) 100vw, 800px\" \/>\t\t\t\t\t\t\t\t\t\t\t\t\t\t\t<\/div>\n\t\t\t\t<\/div>\n\t\t\t\t<div class=\"elementor-element elementor-element-d26bc83 de_scroll_animation_no elementor-widget elementor-widget-heading\" data-id=\"d26bc83\" data-element_type=\"widget\" data-e-type=\"widget\" data-settings=\"{&quot;ekit_we_effect_on&quot;:&quot;none&quot;}\" data-widget_type=\"heading.default\">\n\t\t\t\t<div class=\"elementor-widget-container\">\n\t\t\t\t\t<h4 class=\"elementor-heading-title elementor-size-default\">F-ONE OCEAN 14X24 | 14X25<\/h4>\t\t\t\t<\/div>\n\t\t\t\t<\/div>\n\t\t\t\t<div class=\"elementor-element elementor-element-2e558a6 elementor-widget-divider--view-line de_scroll_animation_no elementor-widget elementor-widget-divider\" data-id=\"2e558a6\" data-element_type=\"widget\" data-e-type=\"widget\" data-settings=\"{&quot;ekit_we_effect_on&quot;:&quot;none&quot;}\" data-widget_type=\"divider.default\">\n\t\t\t\t<div class=\"elementor-widget-container\">\n\t\t\t\t\t\t\t<div class=\"elementor-divider\">\n\t\t\t<span class=\"elementor-divider-separator\">\n\t\t\t\t\t\t<\/span>\n\t\t<\/div>\n\t\t\t\t\t\t<\/div>\n\t\t\t\t<\/div>\n\t\t\t\t\t<\/div>\n\t\t<\/div>\n\t\t\t\t<div class=\"elementor-column elementor-col-50 elementor-inner-column elementor-element elementor-element-73096cd elementor-invisible\" data-id=\"73096cd\" data-element_type=\"column\" data-e-type=\"column\" data-settings=\"{&quot;animation&quot;:&quot;fadeIn&quot;,&quot;animation_delay&quot;:400}\">\n\t\t\t<div class=\"elementor-widget-wrap elementor-element-populated\">\n\t\t\t\t\t\t<div class=\"elementor-element elementor-element-0c72c4c de_scroll_animation_no elementor-widget elementor-widget-image\" data-id=\"0c72c4c\" data-element_type=\"widget\" data-e-type=\"widget\" data-settings=\"{&quot;ekit_we_effect_on&quot;:&quot;none&quot;}\" data-widget_type=\"image.default\">\n\t\t\t\t<div class=\"elementor-widget-container\">\n\t\t\t\t\t\t\t\t\t\t\t\t\t\t\t<img loading=\"lazy\" decoding=\"async\" width=\"800\" height=\"361\" src=\"https:\/\/www.clubenavaldofunchal.com\/madeirasupchallenge\/wp-content\/uploads\/2024\/05\/SunovaOcean.jpg\" class=\"attachment-large size-large wp-image-2797 no-lazyload\" alt=\"\" srcset=\"https:\/\/www.clubenavaldofunchal.com\/madeirasupchallenge\/wp-content\/uploads\/2024\/05\/SunovaOcean.jpg 865w, https:\/\/www.clubenavaldofunchal.com\/madeirasupchallenge\/wp-content\/uploads\/2024\/05\/SunovaOcean-300x135.jpg 300w, https:\/\/www.clubenavaldofunchal.com\/madeirasupchallenge\/wp-content\/uploads\/2024\/05\/SunovaOcean-768x346.jpg 768w\" sizes=\"(max-width: 800px) 100vw, 800px\" \/>\t\t\t\t\t\t\t\t\t\t\t\t\t\t\t<\/div>\n\t\t\t\t<\/div>\n\t\t\t\t<div class=\"elementor-element elementor-element-5456aed de_scroll_animation_no elementor-widget elementor-widget-heading\" data-id=\"5456aed\" data-element_type=\"widget\" data-e-type=\"widget\" data-settings=\"{&quot;ekit_we_effect_on&quot;:&quot;none&quot;}\" data-widget_type=\"heading.default\">\n\t\t\t\t<div class=\"elementor-widget-container\">\n\t\t\t\t\t<h4 class=\"elementor-heading-title elementor-size-default\">SUNOVA OCEAN FAST 14X24<\/h4>\t\t\t\t<\/div>\n\t\t\t\t<\/div>\n\t\t\t\t<div class=\"elementor-element elementor-element-1b3a964 elementor-widget-divider--view-line de_scroll_animation_no elementor-widget elementor-widget-divider\" data-id=\"1b3a964\" data-element_type=\"widget\" data-e-type=\"widget\" data-settings=\"{&quot;ekit_we_effect_on&quot;:&quot;none&quot;}\" data-widget_type=\"divider.default\">\n\t\t\t\t<div class=\"elementor-widget-container\">\n\t\t\t\t\t\t\t<div class=\"elementor-divider\">\n\t\t\t<span class=\"elementor-divider-separator\">\n\t\t\t\t\t\t<\/span>\n\t\t<\/div>\n\t\t\t\t\t\t<\/div>\n\t\t\t\t<\/div>\n\t\t\t\t\t<\/div>\n\t\t<\/div>\n\t\t\t\t\t<\/div>\n\t\t<\/section>\n\t\t\t\t<\/div>\n\t\t","protected":false},"excerpt":{"rendered":"<p>Inscri\u00e7\u00e3o + Aluguer de Prancha 1 Dia \u2013 45\u20ac 2 Dias \u2013 60\u20ac 3 a 4 Dias \u2013 65\u20ac 5 Dias \u2013 75\u20ac Nota: A organiza\u00e7\u00e3o do MISC apoia o transporte do material desportivo com o valor de 75 \u20ac para um m\u00e1ximo de 60 pessoas. Este apoio destina-se apenas a atletas de fora da [&hellip;]<\/p>\n","protected":false},"author":1,"featured_media":0,"parent":0,"menu_order":0,"comment_status":"closed","ping_status":"closed","template":"","meta":{"footnotes":""},"class_list":["post-240","page","type-page","status-publish","hentry"],"yoast_head":"<!-- This site is optimized with the Yoast SEO plugin v26.9 - https:\/\/yoast.com\/product\/yoast-seo-wordpress\/ -->\n<title>Aluguer de Equipamento - Madeira Island SUP Challenge<\/title>\n<meta name=\"robots\" content=\"index, follow, max-snippet:-1, max-image-preview:large, max-video-preview:-1\" \/>\n<link rel=\"canonical\" href=\"https:\/\/www.clubenavaldofunchal.com\/madeirasupchallenge\/aluguer-de-equipamento\/\" \/>\n<meta property=\"og:locale\" content=\"pt_PT\" \/>\n<meta property=\"og:type\" content=\"article\" \/>\n<meta property=\"og:title\" content=\"Aluguer de Equipamento - Madeira Island SUP Challenge\" \/>\n<meta property=\"og:description\" content=\"Inscri\u00e7\u00e3o + Aluguer de Prancha 1 Dia \u2013 45\u20ac 2 Dias \u2013 60\u20ac 3 a 4 Dias \u2013 65\u20ac 5 Dias \u2013 75\u20ac Nota: A organiza\u00e7\u00e3o do MISC apoia o transporte do material desportivo com o valor de 75 \u20ac para um m\u00e1ximo de 60 pessoas. Este apoio destina-se apenas a atletas de fora da [&hellip;]\" \/>\n<meta property=\"og:url\" content=\"https:\/\/www.clubenavaldofunchal.com\/madeirasupchallenge\/aluguer-de-equipamento\/\" \/>\n<meta property=\"og:site_name\" content=\"Madeira Island SUP Challenge\" \/>\n<meta property=\"article:publisher\" content=\"https:\/\/www.facebook.com\/profile.php?id=61557370452476\" \/>\n<meta property=\"article:modified_time\" content=\"2024-07-30T10:29:56+00:00\" \/>\n<meta property=\"og:image\" content=\"https:\/\/www.clubenavaldofunchal.com\/madeirasupchallenge\/wp-content\/uploads\/2024\/05\/NaishJavelin.jpg\" \/>\n<meta name=\"twitter:card\" content=\"summary_large_image\" \/>\n<meta name=\"twitter:label1\" content=\"Tempo estimado de leitura\" \/>\n\t<meta name=\"twitter:data1\" content=\"1 minuto\" \/>\n<script type=\"application\/ld+json\" class=\"yoast-schema-graph\">{\"@context\":\"https:\/\/schema.org\",\"@graph\":[{\"@type\":\"WebPage\",\"@id\":\"https:\/\/www.clubenavaldofunchal.com\/madeirasupchallenge\/aluguer-de-equipamento\/\",\"url\":\"https:\/\/www.clubenavaldofunchal.com\/madeirasupchallenge\/aluguer-de-equipamento\/\",\"name\":\"Aluguer de Equipamento - Madeira Island SUP Challenge\",\"isPartOf\":{\"@id\":\"https:\/\/www.clubenavaldofunchal.com\/madeirasupchallenge\/#website\"},\"primaryImageOfPage\":{\"@id\":\"https:\/\/www.clubenavaldofunchal.com\/madeirasupchallenge\/aluguer-de-equipamento\/#primaryimage\"},\"image\":{\"@id\":\"https:\/\/www.clubenavaldofunchal.com\/madeirasupchallenge\/aluguer-de-equipamento\/#primaryimage\"},\"thumbnailUrl\":\"https:\/\/www.clubenavaldofunchal.com\/madeirasupchallenge\/wp-content\/uploads\/2024\/05\/NaishJavelin.jpg\",\"datePublished\":\"2024-03-11T18:13:21+00:00\",\"dateModified\":\"2024-07-30T10:29:56+00:00\",\"breadcrumb\":{\"@id\":\"https:\/\/www.clubenavaldofunchal.com\/madeirasupchallenge\/aluguer-de-equipamento\/#breadcrumb\"},\"inLanguage\":\"pt-PT\",\"potentialAction\":[{\"@type\":\"ReadAction\",\"target\":[\"https:\/\/www.clubenavaldofunchal.com\/madeirasupchallenge\/aluguer-de-equipamento\/\"]}]},{\"@type\":\"ImageObject\",\"inLanguage\":\"pt-PT\",\"@id\":\"https:\/\/www.clubenavaldofunchal.com\/madeirasupchallenge\/aluguer-de-equipamento\/#primaryimage\",\"url\":\"https:\/\/www.clubenavaldofunchal.com\/madeirasupchallenge\/wp-content\/uploads\/2024\/05\/NaishJavelin.jpg\",\"contentUrl\":\"https:\/\/www.clubenavaldofunchal.com\/madeirasupchallenge\/wp-content\/uploads\/2024\/05\/NaishJavelin.jpg\",\"width\":865,\"height\":390},{\"@type\":\"BreadcrumbList\",\"@id\":\"https:\/\/www.clubenavaldofunchal.com\/madeirasupchallenge\/aluguer-de-equipamento\/#breadcrumb\",\"itemListElement\":[{\"@type\":\"ListItem\",\"position\":1,\"name\":\"In\u00edcio\",\"item\":\"https:\/\/www.clubenavaldofunchal.com\/madeirasupchallenge\/\"},{\"@type\":\"ListItem\",\"position\":2,\"name\":\"Aluguer de Equipamento\"}]},{\"@type\":\"WebSite\",\"@id\":\"https:\/\/www.clubenavaldofunchal.com\/madeirasupchallenge\/#website\",\"url\":\"https:\/\/www.clubenavaldofunchal.com\/madeirasupchallenge\/\",\"name\":\"Madeira Island SUP Challenge\",\"description\":\"\",\"publisher\":{\"@id\":\"https:\/\/www.clubenavaldofunchal.com\/madeirasupchallenge\/#organization\"},\"potentialAction\":[{\"@type\":\"SearchAction\",\"target\":{\"@type\":\"EntryPoint\",\"urlTemplate\":\"https:\/\/www.clubenavaldofunchal.com\/madeirasupchallenge\/?s={search_term_string}\"},\"query-input\":{\"@type\":\"PropertyValueSpecification\",\"valueRequired\":true,\"valueName\":\"search_term_string\"}}],\"inLanguage\":\"pt-PT\"},{\"@type\":\"Organization\",\"@id\":\"https:\/\/www.clubenavaldofunchal.com\/madeirasupchallenge\/#organization\",\"name\":\"Madeira Island SUP Challenge\",\"url\":\"https:\/\/www.clubenavaldofunchal.com\/madeirasupchallenge\/\",\"logo\":{\"@type\":\"ImageObject\",\"inLanguage\":\"pt-PT\",\"@id\":\"https:\/\/www.clubenavaldofunchal.com\/madeirasupchallenge\/#\/schema\/logo\/image\/\",\"url\":\"https:\/\/www.clubenavaldofunchal.com\/madeirasupchallenge\/wp-content\/uploads\/2024\/09\/madeirasupchallenge.jpg\",\"contentUrl\":\"https:\/\/www.clubenavaldofunchal.com\/madeirasupchallenge\/wp-content\/uploads\/2024\/09\/madeirasupchallenge.jpg\",\"width\":1348,\"height\":1348,\"caption\":\"Madeira Island SUP Challenge\"},\"image\":{\"@id\":\"https:\/\/www.clubenavaldofunchal.com\/madeirasupchallenge\/#\/schema\/logo\/image\/\"},\"sameAs\":[\"https:\/\/www.facebook.com\/profile.php?id=61557370452476\"]}]}<\/script>\n<!-- \/ Yoast SEO plugin. -->","yoast_head_json":{"title":"Aluguer de Equipamento - Madeira Island SUP Challenge","robots":{"index":"index","follow":"follow","max-snippet":"max-snippet:-1","max-image-preview":"max-image-preview:large","max-video-preview":"max-video-preview:-1"},"canonical":"https:\/\/www.clubenavaldofunchal.com\/madeirasupchallenge\/aluguer-de-equipamento\/","og_locale":"pt_PT","og_type":"article","og_title":"Aluguer de Equipamento - Madeira Island SUP Challenge","og_description":"Inscri\u00e7\u00e3o + Aluguer de Prancha 1 Dia \u2013 45\u20ac 2 Dias \u2013 60\u20ac 3 a 4 Dias \u2013 65\u20ac 5 Dias \u2013 75\u20ac Nota: A organiza\u00e7\u00e3o do MISC apoia o transporte do material desportivo com o valor de 75 \u20ac para um m\u00e1ximo de 60 pessoas. Este apoio destina-se apenas a atletas de fora da [&hellip;]","og_url":"https:\/\/www.clubenavaldofunchal.com\/madeirasupchallenge\/aluguer-de-equipamento\/","og_site_name":"Madeira Island SUP Challenge","article_publisher":"https:\/\/www.facebook.com\/profile.php?id=61557370452476","article_modified_time":"2024-07-30T10:29:56+00:00","og_image":[{"url":"https:\/\/www.clubenavaldofunchal.com\/madeirasupchallenge\/wp-content\/uploads\/2024\/05\/NaishJavelin.jpg","type":"","width":"","height":""}],"twitter_card":"summary_large_image","twitter_misc":{"Tempo estimado de leitura":"1 minuto"},"schema":{"@context":"https:\/\/schema.org","@graph":[{"@type":"WebPage","@id":"https:\/\/www.clubenavaldofunchal.com\/madeirasupchallenge\/aluguer-de-equipamento\/","url":"https:\/\/www.clubenavaldofunchal.com\/madeirasupchallenge\/aluguer-de-equipamento\/","name":"Aluguer de Equipamento - Madeira Island SUP Challenge","isPartOf":{"@id":"https:\/\/www.clubenavaldofunchal.com\/madeirasupchallenge\/#website"},"primaryImageOfPage":{"@id":"https:\/\/www.clubenavaldofunchal.com\/madeirasupchallenge\/aluguer-de-equipamento\/#primaryimage"},"image":{"@id":"https:\/\/www.clubenavaldofunchal.com\/madeirasupchallenge\/aluguer-de-equipamento\/#primaryimage"},"thumbnailUrl":"https:\/\/www.clubenavaldofunchal.com\/madeirasupchallenge\/wp-content\/uploads\/2024\/05\/NaishJavelin.jpg","datePublished":"2024-03-11T18:13:21+00:00","dateModified":"2024-07-30T10:29:56+00:00","breadcrumb":{"@id":"https:\/\/www.clubenavaldofunchal.com\/madeirasupchallenge\/aluguer-de-equipamento\/#breadcrumb"},"inLanguage":"pt-PT","potentialAction":[{"@type":"ReadAction","target":["https:\/\/www.clubenavaldofunchal.com\/madeirasupchallenge\/aluguer-de-equipamento\/"]}]},{"@type":"ImageObject","inLanguage":"pt-PT","@id":"https:\/\/www.clubenavaldofunchal.com\/madeirasupchallenge\/aluguer-de-equipamento\/#primaryimage","url":"https:\/\/www.clubenavaldofunchal.com\/madeirasupchallenge\/wp-content\/uploads\/2024\/05\/NaishJavelin.jpg","contentUrl":"https:\/\/www.clubenavaldofunchal.com\/madeirasupchallenge\/wp-content\/uploads\/2024\/05\/NaishJavelin.jpg","width":865,"height":390},{"@type":"BreadcrumbList","@id":"https:\/\/www.clubenavaldofunchal.com\/madeirasupchallenge\/aluguer-de-equipamento\/#breadcrumb","itemListElement":[{"@type":"ListItem","position":1,"name":"In\u00edcio","item":"https:\/\/www.clubenavaldofunchal.com\/madeirasupchallenge\/"},{"@type":"ListItem","position":2,"name":"Aluguer de Equipamento"}]},{"@type":"WebSite","@id":"https:\/\/www.clubenavaldofunchal.com\/madeirasupchallenge\/#website","url":"https:\/\/www.clubenavaldofunchal.com\/madeirasupchallenge\/","name":"Madeira Island SUP Challenge","description":"","publisher":{"@id":"https:\/\/www.clubenavaldofunchal.com\/madeirasupchallenge\/#organization"},"potentialAction":[{"@type":"SearchAction","target":{"@type":"EntryPoint","urlTemplate":"https:\/\/www.clubenavaldofunchal.com\/madeirasupchallenge\/?s={search_term_string}"},"query-input":{"@type":"PropertyValueSpecification","valueRequired":true,"valueName":"search_term_string"}}],"inLanguage":"pt-PT"},{"@type":"Organization","@id":"https:\/\/www.clubenavaldofunchal.com\/madeirasupchallenge\/#organization","name":"Madeira Island SUP Challenge","url":"https:\/\/www.clubenavaldofunchal.com\/madeirasupchallenge\/","logo":{"@type":"ImageObject","inLanguage":"pt-PT","@id":"https:\/\/www.clubenavaldofunchal.com\/madeirasupchallenge\/#\/schema\/logo\/image\/","url":"https:\/\/www.clubenavaldofunchal.com\/madeirasupchallenge\/wp-content\/uploads\/2024\/09\/madeirasupchallenge.jpg","contentUrl":"https:\/\/www.clubenavaldofunchal.com\/madeirasupchallenge\/wp-content\/uploads\/2024\/09\/madeirasupchallenge.jpg","width":1348,"height":1348,"caption":"Madeira Island SUP Challenge"},"image":{"@id":"https:\/\/www.clubenavaldofunchal.com\/madeirasupchallenge\/#\/schema\/logo\/image\/"},"sameAs":["https:\/\/www.facebook.com\/profile.php?id=61557370452476"]}]}},"_links":{"self":[{"href":"https:\/\/www.clubenavaldofunchal.com\/madeirasupchallenge\/wp-json\/wp\/v2\/pages\/240","targetHints":{"allow":["GET"]}}],"collection":[{"href":"https:\/\/www.clubenavaldofunchal.com\/madeirasupchallenge\/wp-json\/wp\/v2\/pages"}],"about":[{"href":"https:\/\/www.clubenavaldofunchal.com\/madeirasupchallenge\/wp-json\/wp\/v2\/types\/page"}],"author":[{"embeddable":true,"href":"https:\/\/www.clubenavaldofunchal.com\/madeirasupchallenge\/wp-json\/wp\/v2\/users\/1"}],"replies":[{"embeddable":true,"href":"https:\/\/www.clubenavaldofunchal.com\/madeirasupchallenge\/wp-json\/wp\/v2\/comments?post=240"}],"version-history":[{"count":124,"href":"https:\/\/www.clubenavaldofunchal.com\/madeirasupchallenge\/wp-json\/wp\/v2\/pages\/240\/revisions"}],"predecessor-version":[{"id":3301,"href":"https:\/\/www.clubenavaldofunchal.com\/madeirasupchallenge\/wp-json\/wp\/v2\/pages\/240\/revisions\/3301"}],"wp:attachment":[{"href":"https:\/\/www.clubenavaldofunchal.com\/madeirasupchallenge\/wp-json\/wp\/v2\/media?parent=240"}],"curies":[{"name":"wp","href":"https:\/\/api.w.org\/{rel}","templated":true}]}}