{"id":227,"date":"2024-03-11T18:11:28","date_gmt":"2024-03-11T18:11:28","guid":{"rendered":"https:\/\/www.clubenavaldofunchal.com\/madeirasupchallenge\/?page_id=227"},"modified":"2024-05-14T10:38:49","modified_gmt":"2024-05-14T10:38:49","slug":"sobre","status":"publish","type":"page","link":"https:\/\/www.clubenavaldofunchal.com\/madeirasupchallenge\/sobre\/","title":{"rendered":"Sobre"},"content":{"rendered":"\t\t<div data-elementor-type=\"wp-page\" data-elementor-id=\"227\" class=\"elementor elementor-227\">\n\t\t\t\t\t\t<section class=\"elementor-section elementor-top-section elementor-element elementor-element-233376a5 elementor-reverse-mobile elementor-section-boxed elementor-section-height-default elementor-section-height-default\" data-id=\"233376a5\" data-element_type=\"section\" data-e-type=\"section\" data-settings=\"{&quot;ekit_has_onepagescroll_dot&quot;:&quot;yes&quot;}\">\n\t\t\t\t\t\t<div class=\"elementor-container elementor-column-gap-default\">\n\t\t\t\t\t<div class=\"elementor-column elementor-col-100 elementor-top-column elementor-element elementor-element-54cc1583\" data-id=\"54cc1583\" data-element_type=\"column\" data-e-type=\"column\">\n\t\t\t<div class=\"elementor-widget-wrap elementor-element-populated\">\n\t\t\t\t\t\t<div class=\"elementor-element elementor-element-518d3688 de_scroll_animation_no elementor-invisible elementor-widget elementor-widget-text-editor\" data-id=\"518d3688\" data-element_type=\"widget\" data-e-type=\"widget\" data-settings=\"{&quot;_animation&quot;:&quot;fadeIn&quot;,&quot;_animation_delay&quot;:400,&quot;ekit_we_effect_on&quot;:&quot;none&quot;}\" data-widget_type=\"text-editor.default\">\n\t\t\t\t<div class=\"elementor-widget-container\">\n\t\t\t\t\t\t\t\t\t<h4 style=\"text-align: justify;\">O Madeira Island Sup Challenge (MISC) \u00e9 uma prova de Stand Up Paddle Board, que acontece na ilha da MADEIRA, em pleno Oceano Atl\u00e2ntico.<\/h4><p style=\"text-align: justify;\">A ilha da Madeira fica situada a cerca de 900km da capital portuguesa, Lisboa. Este arquip\u00e9lago portugu\u00eas, tem muito para oferecer, quer em termos de atividades e spots de mar, quer de outras vertentes, sociais, l\u00fadicas, culturais, gastron\u00f3micas, entre outros.<\/p><p style=\"text-align: justify;\">A primeira edi\u00e7\u00e3o do MISC aconteceu no ano de 2017, na cidade do Funchal, capital da ilha. Com o evoluir dos anos, o evento tem vindo a crescer e o seu formato competitivo (maratona) tem se mantido do agrado dos participantes.<\/p><p style=\"text-align: justify;\">Sendo em mar aberto, o MISC oferece muita adrenalina e condi\u00e7\u00f5es excecionais para esta pr\u00e1tica. As temperaturas do ar e do mar a rondar os 20 a 25 graus, em mar normalmente ch\u00e3o, com pouca ondula\u00e7\u00e3o, permitem uma competi\u00e7\u00e3o diversificada em termos da exig\u00eancia f\u00edsica aos participantes.<\/p><p style=\"text-align: justify;\">\u00c9 uma prova de maratona com um percurso de cerca de 13km para os desportistas mais experimentados, e dist\u00e2ncias mais simp\u00e1ticas para os jovens iniciantes e amadores.<\/p><p style=\"text-align: justify;\">A base de opera\u00e7\u00f5es \u00e9 montada no Centro N\u00e1utico da cidade, local que \u00e9 preparado para receber todos os participantes e popula\u00e7\u00e3o em geral. Para isso \u00e9 criado uma pequena Village, agrad\u00e1vel zona que contribui para um colorido diferente \u00e0 zona durante os dois dias do evento.<\/p><p style=\"text-align: justify;\">A prova principal acontece no primeiro dia do evento, sendo destinado para o segundo dia de competi\u00e7\u00e3o as provas l\u00fadicas e de sprint.<\/p><p style=\"text-align: justify;\">E porque n\u00e3o s\u00f3 de competi\u00e7\u00e3o vive esta iniciativa, h\u00e1 o cuidado em diversificar a oferta em cada prova, propondo iniciativas paralelas, entre elas workshops e Clinic&#8217;s de SUP, projetos que promovem o crescimento desportivo.<\/p><p style=\"text-align: justify;\">A edi\u00e7\u00e3o de 2023, est\u00e1 rodeada de grande expectativa, em face ao fim certo da pandemia e \u00e0 vontade demonstrada por praticantes de diversos pa\u00edses e clubes.<\/p><p style=\"text-align: justify;\">O MISC tem como percurso principal, uma maratona em zona privilegiada e procura juntar a competi\u00e7\u00e3o \u00e0s viagens em fam\u00edlia e dar a conhecer a quem nos visita a diversidade de lugares que o arquip\u00e9lago tem para oferecer.<\/p><p style=\"text-align: justify;\">Seja bem-vindo \u00e0 Madeira! Venha descobrir e experimentar esta terra e mar de imensas belezas e desafios.<\/p><p style=\"text-align: justify;\">Contamos consigo, e a sua fam\u00edlia para este momento divertido!<\/p>\t\t\t\t\t\t\t\t<\/div>\n\t\t\t\t<\/div>\n\t\t\t\t\t<\/div>\n\t\t<\/div>\n\t\t\t\t\t<\/div>\n\t\t<\/section>\n\t\t\t\t<\/div>\n\t\t","protected":false},"excerpt":{"rendered":"<p>O Madeira Island Sup Challenge (MISC) \u00e9 uma prova de Stand Up Paddle Board, que acontece na ilha da MADEIRA, em pleno Oceano Atl\u00e2ntico. A ilha da Madeira fica situada a cerca de 900km da capital portuguesa, Lisboa. Este arquip\u00e9lago portugu\u00eas, tem muito para oferecer, quer em termos de atividades e spots de mar, quer [&hellip;]<\/p>\n","protected":false},"author":1,"featured_media":0,"parent":0,"menu_order":0,"comment_status":"closed","ping_status":"closed","template":"","meta":{"footnotes":""},"class_list":["post-227","page","type-page","status-publish","hentry"],"yoast_head":"<!-- This site is optimized with the Yoast SEO plugin v26.9 - https:\/\/yoast.com\/product\/yoast-seo-wordpress\/ -->\n<title>Sobre - Madeira Island SUP Challenge<\/title>\n<meta name=\"robots\" content=\"index, follow, max-snippet:-1, max-image-preview:large, max-video-preview:-1\" \/>\n<link rel=\"canonical\" href=\"https:\/\/www.clubenavaldofunchal.com\/madeirasupchallenge\/sobre\/\" \/>\n<meta property=\"og:locale\" content=\"pt_PT\" \/>\n<meta property=\"og:type\" content=\"article\" \/>\n<meta property=\"og:title\" content=\"Sobre - Madeira Island SUP Challenge\" \/>\n<meta property=\"og:description\" content=\"O Madeira Island Sup Challenge (MISC) \u00e9 uma prova de Stand Up Paddle Board, que acontece na ilha da MADEIRA, em pleno Oceano Atl\u00e2ntico. A ilha da Madeira fica situada a cerca de 900km da capital portuguesa, Lisboa. Este arquip\u00e9lago portugu\u00eas, tem muito para oferecer, quer em termos de atividades e spots de mar, quer [&hellip;]\" \/>\n<meta property=\"og:url\" content=\"https:\/\/www.clubenavaldofunchal.com\/madeirasupchallenge\/sobre\/\" \/>\n<meta property=\"og:site_name\" content=\"Madeira Island SUP Challenge\" \/>\n<meta property=\"article:publisher\" content=\"https:\/\/www.facebook.com\/profile.php?id=61557370452476\" \/>\n<meta property=\"article:modified_time\" content=\"2024-05-14T10:38:49+00:00\" \/>\n<meta name=\"twitter:card\" content=\"summary_large_image\" \/>\n<meta name=\"twitter:label1\" content=\"Tempo estimado de leitura\" \/>\n\t<meta name=\"twitter:data1\" content=\"2 minutos\" \/>\n<script type=\"application\/ld+json\" class=\"yoast-schema-graph\">{\"@context\":\"https:\/\/schema.org\",\"@graph\":[{\"@type\":\"WebPage\",\"@id\":\"https:\/\/www.clubenavaldofunchal.com\/madeirasupchallenge\/sobre\/\",\"url\":\"https:\/\/www.clubenavaldofunchal.com\/madeirasupchallenge\/sobre\/\",\"name\":\"Sobre - Madeira Island SUP Challenge\",\"isPartOf\":{\"@id\":\"https:\/\/www.clubenavaldofunchal.com\/madeirasupchallenge\/#website\"},\"datePublished\":\"2024-03-11T18:11:28+00:00\",\"dateModified\":\"2024-05-14T10:38:49+00:00\",\"breadcrumb\":{\"@id\":\"https:\/\/www.clubenavaldofunchal.com\/madeirasupchallenge\/sobre\/#breadcrumb\"},\"inLanguage\":\"pt-PT\",\"potentialAction\":[{\"@type\":\"ReadAction\",\"target\":[\"https:\/\/www.clubenavaldofunchal.com\/madeirasupchallenge\/sobre\/\"]}]},{\"@type\":\"BreadcrumbList\",\"@id\":\"https:\/\/www.clubenavaldofunchal.com\/madeirasupchallenge\/sobre\/#breadcrumb\",\"itemListElement\":[{\"@type\":\"ListItem\",\"position\":1,\"name\":\"In\u00edcio\",\"item\":\"https:\/\/www.clubenavaldofunchal.com\/madeirasupchallenge\/\"},{\"@type\":\"ListItem\",\"position\":2,\"name\":\"Sobre\"}]},{\"@type\":\"WebSite\",\"@id\":\"https:\/\/www.clubenavaldofunchal.com\/madeirasupchallenge\/#website\",\"url\":\"https:\/\/www.clubenavaldofunchal.com\/madeirasupchallenge\/\",\"name\":\"Madeira Island SUP Challenge\",\"description\":\"\",\"publisher\":{\"@id\":\"https:\/\/www.clubenavaldofunchal.com\/madeirasupchallenge\/#organization\"},\"potentialAction\":[{\"@type\":\"SearchAction\",\"target\":{\"@type\":\"EntryPoint\",\"urlTemplate\":\"https:\/\/www.clubenavaldofunchal.com\/madeirasupchallenge\/?s={search_term_string}\"},\"query-input\":{\"@type\":\"PropertyValueSpecification\",\"valueRequired\":true,\"valueName\":\"search_term_string\"}}],\"inLanguage\":\"pt-PT\"},{\"@type\":\"Organization\",\"@id\":\"https:\/\/www.clubenavaldofunchal.com\/madeirasupchallenge\/#organization\",\"name\":\"Madeira Island SUP Challenge\",\"url\":\"https:\/\/www.clubenavaldofunchal.com\/madeirasupchallenge\/\",\"logo\":{\"@type\":\"ImageObject\",\"inLanguage\":\"pt-PT\",\"@id\":\"https:\/\/www.clubenavaldofunchal.com\/madeirasupchallenge\/#\/schema\/logo\/image\/\",\"url\":\"https:\/\/www.clubenavaldofunchal.com\/madeirasupchallenge\/wp-content\/uploads\/2024\/09\/madeirasupchallenge.jpg\",\"contentUrl\":\"https:\/\/www.clubenavaldofunchal.com\/madeirasupchallenge\/wp-content\/uploads\/2024\/09\/madeirasupchallenge.jpg\",\"width\":1348,\"height\":1348,\"caption\":\"Madeira Island SUP Challenge\"},\"image\":{\"@id\":\"https:\/\/www.clubenavaldofunchal.com\/madeirasupchallenge\/#\/schema\/logo\/image\/\"},\"sameAs\":[\"https:\/\/www.facebook.com\/profile.php?id=61557370452476\"]}]}<\/script>\n<!-- \/ Yoast SEO plugin. -->","yoast_head_json":{"title":"Sobre - Madeira Island SUP Challenge","robots":{"index":"index","follow":"follow","max-snippet":"max-snippet:-1","max-image-preview":"max-image-preview:large","max-video-preview":"max-video-preview:-1"},"canonical":"https:\/\/www.clubenavaldofunchal.com\/madeirasupchallenge\/sobre\/","og_locale":"pt_PT","og_type":"article","og_title":"Sobre - Madeira Island SUP Challenge","og_description":"O Madeira Island Sup Challenge (MISC) \u00e9 uma prova de Stand Up Paddle Board, que acontece na ilha da MADEIRA, em pleno Oceano Atl\u00e2ntico. A ilha da Madeira fica situada a cerca de 900km da capital portuguesa, Lisboa. Este arquip\u00e9lago portugu\u00eas, tem muito para oferecer, quer em termos de atividades e spots de mar, quer [&hellip;]","og_url":"https:\/\/www.clubenavaldofunchal.com\/madeirasupchallenge\/sobre\/","og_site_name":"Madeira Island SUP Challenge","article_publisher":"https:\/\/www.facebook.com\/profile.php?id=61557370452476","article_modified_time":"2024-05-14T10:38:49+00:00","twitter_card":"summary_large_image","twitter_misc":{"Tempo estimado de leitura":"2 minutos"},"schema":{"@context":"https:\/\/schema.org","@graph":[{"@type":"WebPage","@id":"https:\/\/www.clubenavaldofunchal.com\/madeirasupchallenge\/sobre\/","url":"https:\/\/www.clubenavaldofunchal.com\/madeirasupchallenge\/sobre\/","name":"Sobre - Madeira Island SUP Challenge","isPartOf":{"@id":"https:\/\/www.clubenavaldofunchal.com\/madeirasupchallenge\/#website"},"datePublished":"2024-03-11T18:11:28+00:00","dateModified":"2024-05-14T10:38:49+00:00","breadcrumb":{"@id":"https:\/\/www.clubenavaldofunchal.com\/madeirasupchallenge\/sobre\/#breadcrumb"},"inLanguage":"pt-PT","potentialAction":[{"@type":"ReadAction","target":["https:\/\/www.clubenavaldofunchal.com\/madeirasupchallenge\/sobre\/"]}]},{"@type":"BreadcrumbList","@id":"https:\/\/www.clubenavaldofunchal.com\/madeirasupchallenge\/sobre\/#breadcrumb","itemListElement":[{"@type":"ListItem","position":1,"name":"In\u00edcio","item":"https:\/\/www.clubenavaldofunchal.com\/madeirasupchallenge\/"},{"@type":"ListItem","position":2,"name":"Sobre"}]},{"@type":"WebSite","@id":"https:\/\/www.clubenavaldofunchal.com\/madeirasupchallenge\/#website","url":"https:\/\/www.clubenavaldofunchal.com\/madeirasupchallenge\/","name":"Madeira Island SUP Challenge","description":"","publisher":{"@id":"https:\/\/www.clubenavaldofunchal.com\/madeirasupchallenge\/#organization"},"potentialAction":[{"@type":"SearchAction","target":{"@type":"EntryPoint","urlTemplate":"https:\/\/www.clubenavaldofunchal.com\/madeirasupchallenge\/?s={search_term_string}"},"query-input":{"@type":"PropertyValueSpecification","valueRequired":true,"valueName":"search_term_string"}}],"inLanguage":"pt-PT"},{"@type":"Organization","@id":"https:\/\/www.clubenavaldofunchal.com\/madeirasupchallenge\/#organization","name":"Madeira Island SUP Challenge","url":"https:\/\/www.clubenavaldofunchal.com\/madeirasupchallenge\/","logo":{"@type":"ImageObject","inLanguage":"pt-PT","@id":"https:\/\/www.clubenavaldofunchal.com\/madeirasupchallenge\/#\/schema\/logo\/image\/","url":"https:\/\/www.clubenavaldofunchal.com\/madeirasupchallenge\/wp-content\/uploads\/2024\/09\/madeirasupchallenge.jpg","contentUrl":"https:\/\/www.clubenavaldofunchal.com\/madeirasupchallenge\/wp-content\/uploads\/2024\/09\/madeirasupchallenge.jpg","width":1348,"height":1348,"caption":"Madeira Island SUP Challenge"},"image":{"@id":"https:\/\/www.clubenavaldofunchal.com\/madeirasupchallenge\/#\/schema\/logo\/image\/"},"sameAs":["https:\/\/www.facebook.com\/profile.php?id=61557370452476"]}]}},"_links":{"self":[{"href":"https:\/\/www.clubenavaldofunchal.com\/madeirasupchallenge\/wp-json\/wp\/v2\/pages\/227","targetHints":{"allow":["GET"]}}],"collection":[{"href":"https:\/\/www.clubenavaldofunchal.com\/madeirasupchallenge\/wp-json\/wp\/v2\/pages"}],"about":[{"href":"https:\/\/www.clubenavaldofunchal.com\/madeirasupchallenge\/wp-json\/wp\/v2\/types\/page"}],"author":[{"embeddable":true,"href":"https:\/\/www.clubenavaldofunchal.com\/madeirasupchallenge\/wp-json\/wp\/v2\/users\/1"}],"replies":[{"embeddable":true,"href":"https:\/\/www.clubenavaldofunchal.com\/madeirasupchallenge\/wp-json\/wp\/v2\/comments?post=227"}],"version-history":[{"count":35,"href":"https:\/\/www.clubenavaldofunchal.com\/madeirasupchallenge\/wp-json\/wp\/v2\/pages\/227\/revisions"}],"predecessor-version":[{"id":3042,"href":"https:\/\/www.clubenavaldofunchal.com\/madeirasupchallenge\/wp-json\/wp\/v2\/pages\/227\/revisions\/3042"}],"wp:attachment":[{"href":"https:\/\/www.clubenavaldofunchal.com\/madeirasupchallenge\/wp-json\/wp\/v2\/media?parent=227"}],"curies":[{"name":"wp","href":"https:\/\/api.w.org\/{rel}","templated":true}]}}