{"id":1430,"date":"2024-04-04T14:52:36","date_gmt":"2024-04-04T14:52:36","guid":{"rendered":"https:\/\/www.clubenavaldofunchal.com\/madeirasupchallenge\/?page_id=1430"},"modified":"2024-05-14T11:34:56","modified_gmt":"2024-05-14T11:34:56","slug":"transporte-de-pranchas","status":"publish","type":"page","link":"https:\/\/www.clubenavaldofunchal.com\/madeirasupchallenge\/transporte-de-pranchas\/","title":{"rendered":"Transporte de Pranchas"},"content":{"rendered":"\t\t<div data-elementor-type=\"wp-page\" data-elementor-id=\"1430\" class=\"elementor elementor-1430\">\n\t\t\t\t\t\t<section class=\"elementor-section elementor-top-section elementor-element elementor-element-616ac05a elementor-reverse-mobile elementor-section-boxed elementor-section-height-default elementor-section-height-default\" data-id=\"616ac05a\" data-element_type=\"section\" data-e-type=\"section\" data-settings=\"{&quot;ekit_has_onepagescroll_dot&quot;:&quot;yes&quot;}\">\n\t\t\t\t\t\t<div class=\"elementor-container elementor-column-gap-default\">\n\t\t\t\t\t<div class=\"elementor-column elementor-col-100 elementor-top-column elementor-element elementor-element-2a019890\" data-id=\"2a019890\" data-element_type=\"column\" data-e-type=\"column\">\n\t\t\t<div class=\"elementor-widget-wrap elementor-element-populated\">\n\t\t\t\t\t\t<div class=\"elementor-element elementor-element-198eb5ef de_scroll_animation_no elementor-invisible elementor-widget elementor-widget-text-editor\" data-id=\"198eb5ef\" data-element_type=\"widget\" data-e-type=\"widget\" data-settings=\"{&quot;_animation&quot;:&quot;fadeIn&quot;,&quot;_animation_delay&quot;:400,&quot;ekit_we_effect_on&quot;:&quot;none&quot;}\" data-widget_type=\"text-editor.default\">\n\t\t\t\t<div class=\"elementor-widget-container\">\n\t\t\t\t\t\t\t\t\t<p style=\"text-align: justify;\">A organiza\u00e7\u00e3o do MISC apoia o transporte do material desportivo com o valor de 75 \u20ac para um m\u00e1ximo de 60 pessoas.\n\n<p style=\"text-align: justify;\">Este apoio destina-se apenas a atletas de fora da Regi\u00e3o Aut\u00f3noma da Madeira.\n\n<p style=\"text-align: justify;\">Para aceder a este apoio, deve preencher o teu IBAN na ficha de inscri\u00e7\u00e3o e apresentar o recibo do transporte do material no secretariado da prova.\n\n<p style=\"text-align: justify;\">Em alternativa, os atletas que pretendam viajar sem prancha poder\u00e3o alugar junto da organiza\u00e7\u00e3o uma das pranchas dispon\u00edveis (consultar condi\u00e7\u00f5es), n\u00e3o tendo direito ao referido apoio.\n\n<p style=\"text-align: justify;\">Os atletas residentes na RAM n\u00e3o ter\u00e3o direito ao subs\u00eddio de transporte.\t\t\t\t\t\t\t\t<\/div>\n\t\t\t\t<\/div>\n\t\t\t\t\t<\/div>\n\t\t<\/div>\n\t\t\t\t\t<\/div>\n\t\t<\/section>\n\t\t\t\t<\/div>\n\t\t","protected":false},"excerpt":{"rendered":"<p>A organiza\u00e7\u00e3o do MISC apoia o transporte do material desportivo com o valor de 75 \u20ac para um m\u00e1ximo de 60 pessoas. Este apoio destina-se apenas a atletas de fora da Regi\u00e3o Aut\u00f3noma da Madeira. Para aceder a este apoio, deve preencher o teu IBAN na ficha de inscri\u00e7\u00e3o e apresentar o recibo do transporte [&hellip;]<\/p>\n","protected":false},"author":2,"featured_media":0,"parent":0,"menu_order":0,"comment_status":"closed","ping_status":"closed","template":"","meta":{"footnotes":""},"class_list":["post-1430","page","type-page","status-publish","hentry"],"yoast_head":"<!-- This site is optimized with the Yoast SEO plugin v26.9 - https:\/\/yoast.com\/product\/yoast-seo-wordpress\/ -->\n<title>Transporte de Pranchas - Madeira Island SUP Challenge<\/title>\n<meta name=\"robots\" content=\"index, follow, max-snippet:-1, max-image-preview:large, max-video-preview:-1\" \/>\n<link rel=\"canonical\" href=\"https:\/\/www.clubenavaldofunchal.com\/madeirasupchallenge\/transporte-de-pranchas\/\" \/>\n<meta property=\"og:locale\" content=\"pt_PT\" \/>\n<meta property=\"og:type\" content=\"article\" \/>\n<meta property=\"og:title\" content=\"Transporte de Pranchas - Madeira Island SUP Challenge\" \/>\n<meta property=\"og:description\" content=\"A organiza\u00e7\u00e3o do MISC apoia o transporte do material desportivo com o valor de 75 \u20ac para um m\u00e1ximo de 60 pessoas. Este apoio destina-se apenas a atletas de fora da Regi\u00e3o Aut\u00f3noma da Madeira. Para aceder a este apoio, deve preencher o teu IBAN na ficha de inscri\u00e7\u00e3o e apresentar o recibo do transporte [&hellip;]\" \/>\n<meta property=\"og:url\" content=\"https:\/\/www.clubenavaldofunchal.com\/madeirasupchallenge\/transporte-de-pranchas\/\" \/>\n<meta property=\"og:site_name\" content=\"Madeira Island SUP Challenge\" \/>\n<meta property=\"article:publisher\" content=\"https:\/\/www.facebook.com\/profile.php?id=61557370452476\" \/>\n<meta property=\"article:modified_time\" content=\"2024-05-14T11:34:56+00:00\" \/>\n<meta name=\"twitter:card\" content=\"summary_large_image\" \/>\n<meta name=\"twitter:label1\" content=\"Tempo estimado de leitura\" \/>\n\t<meta name=\"twitter:data1\" content=\"1 minuto\" \/>\n<script type=\"application\/ld+json\" class=\"yoast-schema-graph\">{\"@context\":\"https:\/\/schema.org\",\"@graph\":[{\"@type\":\"WebPage\",\"@id\":\"https:\/\/www.clubenavaldofunchal.com\/madeirasupchallenge\/transporte-de-pranchas\/\",\"url\":\"https:\/\/www.clubenavaldofunchal.com\/madeirasupchallenge\/transporte-de-pranchas\/\",\"name\":\"Transporte de Pranchas - Madeira Island SUP Challenge\",\"isPartOf\":{\"@id\":\"https:\/\/www.clubenavaldofunchal.com\/madeirasupchallenge\/#website\"},\"datePublished\":\"2024-04-04T14:52:36+00:00\",\"dateModified\":\"2024-05-14T11:34:56+00:00\",\"breadcrumb\":{\"@id\":\"https:\/\/www.clubenavaldofunchal.com\/madeirasupchallenge\/transporte-de-pranchas\/#breadcrumb\"},\"inLanguage\":\"pt-PT\",\"potentialAction\":[{\"@type\":\"ReadAction\",\"target\":[\"https:\/\/www.clubenavaldofunchal.com\/madeirasupchallenge\/transporte-de-pranchas\/\"]}]},{\"@type\":\"BreadcrumbList\",\"@id\":\"https:\/\/www.clubenavaldofunchal.com\/madeirasupchallenge\/transporte-de-pranchas\/#breadcrumb\",\"itemListElement\":[{\"@type\":\"ListItem\",\"position\":1,\"name\":\"In\u00edcio\",\"item\":\"https:\/\/www.clubenavaldofunchal.com\/madeirasupchallenge\/\"},{\"@type\":\"ListItem\",\"position\":2,\"name\":\"Transporte de Pranchas\"}]},{\"@type\":\"WebSite\",\"@id\":\"https:\/\/www.clubenavaldofunchal.com\/madeirasupchallenge\/#website\",\"url\":\"https:\/\/www.clubenavaldofunchal.com\/madeirasupchallenge\/\",\"name\":\"Madeira Island SUP Challenge\",\"description\":\"\",\"publisher\":{\"@id\":\"https:\/\/www.clubenavaldofunchal.com\/madeirasupchallenge\/#organization\"},\"potentialAction\":[{\"@type\":\"SearchAction\",\"target\":{\"@type\":\"EntryPoint\",\"urlTemplate\":\"https:\/\/www.clubenavaldofunchal.com\/madeirasupchallenge\/?s={search_term_string}\"},\"query-input\":{\"@type\":\"PropertyValueSpecification\",\"valueRequired\":true,\"valueName\":\"search_term_string\"}}],\"inLanguage\":\"pt-PT\"},{\"@type\":\"Organization\",\"@id\":\"https:\/\/www.clubenavaldofunchal.com\/madeirasupchallenge\/#organization\",\"name\":\"Madeira Island SUP Challenge\",\"url\":\"https:\/\/www.clubenavaldofunchal.com\/madeirasupchallenge\/\",\"logo\":{\"@type\":\"ImageObject\",\"inLanguage\":\"pt-PT\",\"@id\":\"https:\/\/www.clubenavaldofunchal.com\/madeirasupchallenge\/#\/schema\/logo\/image\/\",\"url\":\"https:\/\/www.clubenavaldofunchal.com\/madeirasupchallenge\/wp-content\/uploads\/2024\/09\/madeirasupchallenge.jpg\",\"contentUrl\":\"https:\/\/www.clubenavaldofunchal.com\/madeirasupchallenge\/wp-content\/uploads\/2024\/09\/madeirasupchallenge.jpg\",\"width\":1348,\"height\":1348,\"caption\":\"Madeira Island SUP Challenge\"},\"image\":{\"@id\":\"https:\/\/www.clubenavaldofunchal.com\/madeirasupchallenge\/#\/schema\/logo\/image\/\"},\"sameAs\":[\"https:\/\/www.facebook.com\/profile.php?id=61557370452476\"]}]}<\/script>\n<!-- \/ Yoast SEO plugin. -->","yoast_head_json":{"title":"Transporte de Pranchas - Madeira Island SUP Challenge","robots":{"index":"index","follow":"follow","max-snippet":"max-snippet:-1","max-image-preview":"max-image-preview:large","max-video-preview":"max-video-preview:-1"},"canonical":"https:\/\/www.clubenavaldofunchal.com\/madeirasupchallenge\/transporte-de-pranchas\/","og_locale":"pt_PT","og_type":"article","og_title":"Transporte de Pranchas - Madeira Island SUP Challenge","og_description":"A organiza\u00e7\u00e3o do MISC apoia o transporte do material desportivo com o valor de 75 \u20ac para um m\u00e1ximo de 60 pessoas. Este apoio destina-se apenas a atletas de fora da Regi\u00e3o Aut\u00f3noma da Madeira. Para aceder a este apoio, deve preencher o teu IBAN na ficha de inscri\u00e7\u00e3o e apresentar o recibo do transporte [&hellip;]","og_url":"https:\/\/www.clubenavaldofunchal.com\/madeirasupchallenge\/transporte-de-pranchas\/","og_site_name":"Madeira Island SUP Challenge","article_publisher":"https:\/\/www.facebook.com\/profile.php?id=61557370452476","article_modified_time":"2024-05-14T11:34:56+00:00","twitter_card":"summary_large_image","twitter_misc":{"Tempo estimado de leitura":"1 minuto"},"schema":{"@context":"https:\/\/schema.org","@graph":[{"@type":"WebPage","@id":"https:\/\/www.clubenavaldofunchal.com\/madeirasupchallenge\/transporte-de-pranchas\/","url":"https:\/\/www.clubenavaldofunchal.com\/madeirasupchallenge\/transporte-de-pranchas\/","name":"Transporte de Pranchas - Madeira Island SUP Challenge","isPartOf":{"@id":"https:\/\/www.clubenavaldofunchal.com\/madeirasupchallenge\/#website"},"datePublished":"2024-04-04T14:52:36+00:00","dateModified":"2024-05-14T11:34:56+00:00","breadcrumb":{"@id":"https:\/\/www.clubenavaldofunchal.com\/madeirasupchallenge\/transporte-de-pranchas\/#breadcrumb"},"inLanguage":"pt-PT","potentialAction":[{"@type":"ReadAction","target":["https:\/\/www.clubenavaldofunchal.com\/madeirasupchallenge\/transporte-de-pranchas\/"]}]},{"@type":"BreadcrumbList","@id":"https:\/\/www.clubenavaldofunchal.com\/madeirasupchallenge\/transporte-de-pranchas\/#breadcrumb","itemListElement":[{"@type":"ListItem","position":1,"name":"In\u00edcio","item":"https:\/\/www.clubenavaldofunchal.com\/madeirasupchallenge\/"},{"@type":"ListItem","position":2,"name":"Transporte de Pranchas"}]},{"@type":"WebSite","@id":"https:\/\/www.clubenavaldofunchal.com\/madeirasupchallenge\/#website","url":"https:\/\/www.clubenavaldofunchal.com\/madeirasupchallenge\/","name":"Madeira Island SUP Challenge","description":"","publisher":{"@id":"https:\/\/www.clubenavaldofunchal.com\/madeirasupchallenge\/#organization"},"potentialAction":[{"@type":"SearchAction","target":{"@type":"EntryPoint","urlTemplate":"https:\/\/www.clubenavaldofunchal.com\/madeirasupchallenge\/?s={search_term_string}"},"query-input":{"@type":"PropertyValueSpecification","valueRequired":true,"valueName":"search_term_string"}}],"inLanguage":"pt-PT"},{"@type":"Organization","@id":"https:\/\/www.clubenavaldofunchal.com\/madeirasupchallenge\/#organization","name":"Madeira Island SUP Challenge","url":"https:\/\/www.clubenavaldofunchal.com\/madeirasupchallenge\/","logo":{"@type":"ImageObject","inLanguage":"pt-PT","@id":"https:\/\/www.clubenavaldofunchal.com\/madeirasupchallenge\/#\/schema\/logo\/image\/","url":"https:\/\/www.clubenavaldofunchal.com\/madeirasupchallenge\/wp-content\/uploads\/2024\/09\/madeirasupchallenge.jpg","contentUrl":"https:\/\/www.clubenavaldofunchal.com\/madeirasupchallenge\/wp-content\/uploads\/2024\/09\/madeirasupchallenge.jpg","width":1348,"height":1348,"caption":"Madeira Island SUP Challenge"},"image":{"@id":"https:\/\/www.clubenavaldofunchal.com\/madeirasupchallenge\/#\/schema\/logo\/image\/"},"sameAs":["https:\/\/www.facebook.com\/profile.php?id=61557370452476"]}]}},"_links":{"self":[{"href":"https:\/\/www.clubenavaldofunchal.com\/madeirasupchallenge\/wp-json\/wp\/v2\/pages\/1430","targetHints":{"allow":["GET"]}}],"collection":[{"href":"https:\/\/www.clubenavaldofunchal.com\/madeirasupchallenge\/wp-json\/wp\/v2\/pages"}],"about":[{"href":"https:\/\/www.clubenavaldofunchal.com\/madeirasupchallenge\/wp-json\/wp\/v2\/types\/page"}],"author":[{"embeddable":true,"href":"https:\/\/www.clubenavaldofunchal.com\/madeirasupchallenge\/wp-json\/wp\/v2\/users\/2"}],"replies":[{"embeddable":true,"href":"https:\/\/www.clubenavaldofunchal.com\/madeirasupchallenge\/wp-json\/wp\/v2\/comments?post=1430"}],"version-history":[{"count":13,"href":"https:\/\/www.clubenavaldofunchal.com\/madeirasupchallenge\/wp-json\/wp\/v2\/pages\/1430\/revisions"}],"predecessor-version":[{"id":3093,"href":"https:\/\/www.clubenavaldofunchal.com\/madeirasupchallenge\/wp-json\/wp\/v2\/pages\/1430\/revisions\/3093"}],"wp:attachment":[{"href":"https:\/\/www.clubenavaldofunchal.com\/madeirasupchallenge\/wp-json\/wp\/v2\/media?parent=1430"}],"curies":[{"name":"wp","href":"https:\/\/api.w.org\/{rel}","templated":true}]}}