{"id":1345,"date":"2024-04-04T10:04:54","date_gmt":"2024-04-04T10:04:54","guid":{"rendered":"https:\/\/www.clubenavaldofunchal.com\/madeirasupchallenge\/?page_id=1345"},"modified":"2024-05-09T16:55:19","modified_gmt":"2024-05-09T16:55:19","slug":"onde-ficar","status":"publish","type":"page","link":"https:\/\/www.clubenavaldofunchal.com\/madeirasupchallenge\/onde-ficar\/","title":{"rendered":"Onde Ficar"},"content":{"rendered":"\t\t<div data-elementor-type=\"wp-page\" data-elementor-id=\"1345\" class=\"elementor elementor-1345\">\n\t\t\t\t<div class=\"elementor-element elementor-element-6fa85a1 e-flex e-con-boxed e-con e-parent\" data-id=\"6fa85a1\" data-element_type=\"container\" data-e-type=\"container\" data-settings=\"{&quot;ekit_has_onepagescroll_dot&quot;:&quot;yes&quot;}\">\n\t\t\t\t\t<div class=\"e-con-inner\">\n\t\t\t\t<div class=\"elementor-element elementor-element-62142b9 de_scroll_animation_no elementor-widget elementor-widget-spacer\" data-id=\"62142b9\" data-element_type=\"widget\" data-e-type=\"widget\" data-settings=\"{&quot;ekit_we_effect_on&quot;:&quot;none&quot;}\" data-widget_type=\"spacer.default\">\n\t\t\t\t<div class=\"elementor-widget-container\">\n\t\t\t\t\t\t\t<div class=\"elementor-spacer\">\n\t\t\t<div class=\"elementor-spacer-inner\"><\/div>\n\t\t<\/div>\n\t\t\t\t\t\t<\/div>\n\t\t\t\t<\/div>\n\t\t\t\t\t<\/div>\n\t\t\t\t<\/div>\n\t\t<div class=\"elementor-element elementor-element-d23622e e-flex e-con-boxed e-con e-parent\" data-id=\"d23622e\" data-element_type=\"container\" data-e-type=\"container\" data-settings=\"{&quot;ekit_has_onepagescroll_dot&quot;:&quot;yes&quot;}\">\n\t\t\t\t\t<div class=\"e-con-inner\">\n\t\t\t\t<div class=\"elementor-element elementor-element-ce79337 de_scroll_animation_no elementor-widget elementor-widget-text-editor\" data-id=\"ce79337\" data-element_type=\"widget\" data-e-type=\"widget\" data-settings=\"{&quot;ekit_we_effect_on&quot;:&quot;none&quot;}\" data-widget_type=\"text-editor.default\">\n\t\t\t\t<div class=\"elementor-widget-container\">\n\t\t\t\t\t\t\t\t\t<h1 style=\"text-align: center;\">Acomoda\u00e7\u00f5es para todos os gostos<\/h1>\n<p style=\"text-align: center;\"><span style=\"font-size: 17pt;\">Independentemente do tipo de alojamento que escolher, a certeza de que ser\u00e1 recebido como um de n\u00f3s. Veja todos no nosso diret\u00f3rio <a href=\"https:\/\/visitmadeira.com\/pt\/onde-ficar\/alojamentos\/\" target=\"_blank\" rel=\"noopener\"><strong>Aqui<\/strong><\/a><\/span><\/p>\t\t\t\t\t\t\t\t<\/div>\n\t\t\t\t<\/div>\n\t\t\t\t\t<\/div>\n\t\t\t\t<\/div>\n\t\t<div class=\"elementor-element elementor-element-9e63930 e-flex e-con-boxed e-con e-parent\" data-id=\"9e63930\" data-element_type=\"container\" data-e-type=\"container\" data-settings=\"{&quot;ekit_has_onepagescroll_dot&quot;:&quot;yes&quot;}\">\n\t\t\t\t\t<div class=\"e-con-inner\">\n\t\t\t\t<div class=\"elementor-element elementor-element-992df4b de_scroll_animation_no elementor-widget elementor-widget-spacer\" data-id=\"992df4b\" data-element_type=\"widget\" data-e-type=\"widget\" data-settings=\"{&quot;ekit_we_effect_on&quot;:&quot;none&quot;}\" data-widget_type=\"spacer.default\">\n\t\t\t\t<div class=\"elementor-widget-container\">\n\t\t\t\t\t\t\t<div class=\"elementor-spacer\">\n\t\t\t<div class=\"elementor-spacer-inner\"><\/div>\n\t\t<\/div>\n\t\t\t\t\t\t<\/div>\n\t\t\t\t<\/div>\n\t\t\t\t\t<\/div>\n\t\t\t\t<\/div>\n\t\t\t\t<\/div>\n\t\t","protected":false},"excerpt":{"rendered":"<p>Acomoda\u00e7\u00f5es para todos os gostos Independentemente do tipo de alojamento que escolher, a certeza de que ser\u00e1 recebido como um de n\u00f3s. Veja todos no nosso diret\u00f3rio Aqui<\/p>\n","protected":false},"author":2,"featured_media":0,"parent":0,"menu_order":0,"comment_status":"closed","ping_status":"closed","template":"","meta":{"footnotes":""},"class_list":["post-1345","page","type-page","status-publish","hentry"],"yoast_head":"<!-- This site is optimized with the Yoast SEO plugin v26.9 - https:\/\/yoast.com\/product\/yoast-seo-wordpress\/ -->\n<title>Onde Ficar - Madeira Island SUP Challenge<\/title>\n<meta name=\"robots\" content=\"index, follow, max-snippet:-1, max-image-preview:large, max-video-preview:-1\" \/>\n<link rel=\"canonical\" href=\"https:\/\/www.clubenavaldofunchal.com\/madeirasupchallenge\/onde-ficar\/\" \/>\n<meta property=\"og:locale\" content=\"pt_PT\" \/>\n<meta property=\"og:type\" content=\"article\" \/>\n<meta property=\"og:title\" content=\"Onde Ficar - Madeira Island SUP Challenge\" \/>\n<meta property=\"og:description\" content=\"Acomoda\u00e7\u00f5es para todos os gostos Independentemente do tipo de alojamento que escolher, a certeza de que ser\u00e1 recebido como um de n\u00f3s. Veja todos no nosso diret\u00f3rio Aqui\" \/>\n<meta property=\"og:url\" content=\"https:\/\/www.clubenavaldofunchal.com\/madeirasupchallenge\/onde-ficar\/\" \/>\n<meta property=\"og:site_name\" content=\"Madeira Island SUP Challenge\" \/>\n<meta property=\"article:publisher\" content=\"https:\/\/www.facebook.com\/profile.php?id=61557370452476\" \/>\n<meta property=\"article:modified_time\" content=\"2024-05-09T16:55:19+00:00\" \/>\n<meta name=\"twitter:card\" content=\"summary_large_image\" \/>\n<script type=\"application\/ld+json\" class=\"yoast-schema-graph\">{\"@context\":\"https:\/\/schema.org\",\"@graph\":[{\"@type\":\"WebPage\",\"@id\":\"https:\/\/www.clubenavaldofunchal.com\/madeirasupchallenge\/onde-ficar\/\",\"url\":\"https:\/\/www.clubenavaldofunchal.com\/madeirasupchallenge\/onde-ficar\/\",\"name\":\"Onde Ficar - Madeira Island SUP Challenge\",\"isPartOf\":{\"@id\":\"https:\/\/www.clubenavaldofunchal.com\/madeirasupchallenge\/#website\"},\"datePublished\":\"2024-04-04T10:04:54+00:00\",\"dateModified\":\"2024-05-09T16:55:19+00:00\",\"breadcrumb\":{\"@id\":\"https:\/\/www.clubenavaldofunchal.com\/madeirasupchallenge\/onde-ficar\/#breadcrumb\"},\"inLanguage\":\"pt-PT\",\"potentialAction\":[{\"@type\":\"ReadAction\",\"target\":[\"https:\/\/www.clubenavaldofunchal.com\/madeirasupchallenge\/onde-ficar\/\"]}]},{\"@type\":\"BreadcrumbList\",\"@id\":\"https:\/\/www.clubenavaldofunchal.com\/madeirasupchallenge\/onde-ficar\/#breadcrumb\",\"itemListElement\":[{\"@type\":\"ListItem\",\"position\":1,\"name\":\"In\u00edcio\",\"item\":\"https:\/\/www.clubenavaldofunchal.com\/madeirasupchallenge\/\"},{\"@type\":\"ListItem\",\"position\":2,\"name\":\"Onde Ficar\"}]},{\"@type\":\"WebSite\",\"@id\":\"https:\/\/www.clubenavaldofunchal.com\/madeirasupchallenge\/#website\",\"url\":\"https:\/\/www.clubenavaldofunchal.com\/madeirasupchallenge\/\",\"name\":\"Madeira Island SUP Challenge\",\"description\":\"\",\"publisher\":{\"@id\":\"https:\/\/www.clubenavaldofunchal.com\/madeirasupchallenge\/#organization\"},\"potentialAction\":[{\"@type\":\"SearchAction\",\"target\":{\"@type\":\"EntryPoint\",\"urlTemplate\":\"https:\/\/www.clubenavaldofunchal.com\/madeirasupchallenge\/?s={search_term_string}\"},\"query-input\":{\"@type\":\"PropertyValueSpecification\",\"valueRequired\":true,\"valueName\":\"search_term_string\"}}],\"inLanguage\":\"pt-PT\"},{\"@type\":\"Organization\",\"@id\":\"https:\/\/www.clubenavaldofunchal.com\/madeirasupchallenge\/#organization\",\"name\":\"Madeira Island SUP Challenge\",\"url\":\"https:\/\/www.clubenavaldofunchal.com\/madeirasupchallenge\/\",\"logo\":{\"@type\":\"ImageObject\",\"inLanguage\":\"pt-PT\",\"@id\":\"https:\/\/www.clubenavaldofunchal.com\/madeirasupchallenge\/#\/schema\/logo\/image\/\",\"url\":\"https:\/\/www.clubenavaldofunchal.com\/madeirasupchallenge\/wp-content\/uploads\/2024\/09\/madeirasupchallenge.jpg\",\"contentUrl\":\"https:\/\/www.clubenavaldofunchal.com\/madeirasupchallenge\/wp-content\/uploads\/2024\/09\/madeirasupchallenge.jpg\",\"width\":1348,\"height\":1348,\"caption\":\"Madeira Island SUP Challenge\"},\"image\":{\"@id\":\"https:\/\/www.clubenavaldofunchal.com\/madeirasupchallenge\/#\/schema\/logo\/image\/\"},\"sameAs\":[\"https:\/\/www.facebook.com\/profile.php?id=61557370452476\"]}]}<\/script>\n<!-- \/ Yoast SEO plugin. -->","yoast_head_json":{"title":"Onde Ficar - Madeira Island SUP Challenge","robots":{"index":"index","follow":"follow","max-snippet":"max-snippet:-1","max-image-preview":"max-image-preview:large","max-video-preview":"max-video-preview:-1"},"canonical":"https:\/\/www.clubenavaldofunchal.com\/madeirasupchallenge\/onde-ficar\/","og_locale":"pt_PT","og_type":"article","og_title":"Onde Ficar - Madeira Island SUP Challenge","og_description":"Acomoda\u00e7\u00f5es para todos os gostos Independentemente do tipo de alojamento que escolher, a certeza de que ser\u00e1 recebido como um de n\u00f3s. Veja todos no nosso diret\u00f3rio Aqui","og_url":"https:\/\/www.clubenavaldofunchal.com\/madeirasupchallenge\/onde-ficar\/","og_site_name":"Madeira Island SUP Challenge","article_publisher":"https:\/\/www.facebook.com\/profile.php?id=61557370452476","article_modified_time":"2024-05-09T16:55:19+00:00","twitter_card":"summary_large_image","schema":{"@context":"https:\/\/schema.org","@graph":[{"@type":"WebPage","@id":"https:\/\/www.clubenavaldofunchal.com\/madeirasupchallenge\/onde-ficar\/","url":"https:\/\/www.clubenavaldofunchal.com\/madeirasupchallenge\/onde-ficar\/","name":"Onde Ficar - Madeira Island SUP Challenge","isPartOf":{"@id":"https:\/\/www.clubenavaldofunchal.com\/madeirasupchallenge\/#website"},"datePublished":"2024-04-04T10:04:54+00:00","dateModified":"2024-05-09T16:55:19+00:00","breadcrumb":{"@id":"https:\/\/www.clubenavaldofunchal.com\/madeirasupchallenge\/onde-ficar\/#breadcrumb"},"inLanguage":"pt-PT","potentialAction":[{"@type":"ReadAction","target":["https:\/\/www.clubenavaldofunchal.com\/madeirasupchallenge\/onde-ficar\/"]}]},{"@type":"BreadcrumbList","@id":"https:\/\/www.clubenavaldofunchal.com\/madeirasupchallenge\/onde-ficar\/#breadcrumb","itemListElement":[{"@type":"ListItem","position":1,"name":"In\u00edcio","item":"https:\/\/www.clubenavaldofunchal.com\/madeirasupchallenge\/"},{"@type":"ListItem","position":2,"name":"Onde Ficar"}]},{"@type":"WebSite","@id":"https:\/\/www.clubenavaldofunchal.com\/madeirasupchallenge\/#website","url":"https:\/\/www.clubenavaldofunchal.com\/madeirasupchallenge\/","name":"Madeira Island SUP Challenge","description":"","publisher":{"@id":"https:\/\/www.clubenavaldofunchal.com\/madeirasupchallenge\/#organization"},"potentialAction":[{"@type":"SearchAction","target":{"@type":"EntryPoint","urlTemplate":"https:\/\/www.clubenavaldofunchal.com\/madeirasupchallenge\/?s={search_term_string}"},"query-input":{"@type":"PropertyValueSpecification","valueRequired":true,"valueName":"search_term_string"}}],"inLanguage":"pt-PT"},{"@type":"Organization","@id":"https:\/\/www.clubenavaldofunchal.com\/madeirasupchallenge\/#organization","name":"Madeira Island SUP Challenge","url":"https:\/\/www.clubenavaldofunchal.com\/madeirasupchallenge\/","logo":{"@type":"ImageObject","inLanguage":"pt-PT","@id":"https:\/\/www.clubenavaldofunchal.com\/madeirasupchallenge\/#\/schema\/logo\/image\/","url":"https:\/\/www.clubenavaldofunchal.com\/madeirasupchallenge\/wp-content\/uploads\/2024\/09\/madeirasupchallenge.jpg","contentUrl":"https:\/\/www.clubenavaldofunchal.com\/madeirasupchallenge\/wp-content\/uploads\/2024\/09\/madeirasupchallenge.jpg","width":1348,"height":1348,"caption":"Madeira Island SUP Challenge"},"image":{"@id":"https:\/\/www.clubenavaldofunchal.com\/madeirasupchallenge\/#\/schema\/logo\/image\/"},"sameAs":["https:\/\/www.facebook.com\/profile.php?id=61557370452476"]}]}},"_links":{"self":[{"href":"https:\/\/www.clubenavaldofunchal.com\/madeirasupchallenge\/wp-json\/wp\/v2\/pages\/1345","targetHints":{"allow":["GET"]}}],"collection":[{"href":"https:\/\/www.clubenavaldofunchal.com\/madeirasupchallenge\/wp-json\/wp\/v2\/pages"}],"about":[{"href":"https:\/\/www.clubenavaldofunchal.com\/madeirasupchallenge\/wp-json\/wp\/v2\/types\/page"}],"author":[{"embeddable":true,"href":"https:\/\/www.clubenavaldofunchal.com\/madeirasupchallenge\/wp-json\/wp\/v2\/users\/2"}],"replies":[{"embeddable":true,"href":"https:\/\/www.clubenavaldofunchal.com\/madeirasupchallenge\/wp-json\/wp\/v2\/comments?post=1345"}],"version-history":[{"count":31,"href":"https:\/\/www.clubenavaldofunchal.com\/madeirasupchallenge\/wp-json\/wp\/v2\/pages\/1345\/revisions"}],"predecessor-version":[{"id":2863,"href":"https:\/\/www.clubenavaldofunchal.com\/madeirasupchallenge\/wp-json\/wp\/v2\/pages\/1345\/revisions\/2863"}],"wp:attachment":[{"href":"https:\/\/www.clubenavaldofunchal.com\/madeirasupchallenge\/wp-json\/wp\/v2\/media?parent=1345"}],"curies":[{"name":"wp","href":"https:\/\/api.w.org\/{rel}","templated":true}]}}